{"id":64,"date":"2022-02-20T23:52:10","date_gmt":"2022-02-20T22:52:10","guid":{"rendered":"https:\/\/floriansiebeck.com\/?page_id=64"},"modified":"2025-03-02T16:56:32","modified_gmt":"2025-03-02T15:56:32","slug":"new","status":"publish","type":"page","link":"https:\/\/floriansiebeck.com\/en\/new\/","title":{"rendered":"Home"},"content":{"rendered":"","protected":false},"excerpt":{"rendered":"","protected":false},"author":1,"featured_media":0,"parent":0,"menu_order":7,"comment_status":"closed","ping_status":"closed","template":"","meta":[],"class_list":["post-64","page","type-page","status-publish","hentry"],"grid":"{\r\n  \"colCount\": 12,\r\n  \"colGutter\": 1,\r\n  \"rowGutters\": [\r\n    0,\r\n    0,\r\n    0,\r\n    0\r\n  ],\r\n  \"frameMargin\": 5,\r\n  \"topFrameMargin\": 0,\r\n  \"bottomFrameMargin\": 5,\r\n  \"rowAttrs\": [\r\n    {\r\n      \"bgcolor\": \"#e84a5f\",\r\n      \"row100vh\": true,\r\n      \"relid\": 1\r\n    },\r\n    {\r\n      \"bgcolor\": \"#2a363b\",\r\n      \"row100vh\": true,\r\n      \"relid\": 2\r\n    },\r\n    {\r\n      \"bgcolor\": \"#99b898\",\r\n      \"row100vh\": true,\r\n      \"relid\": 3\r\n    },\r\n    {\r\n      \"row100vh\": true,\r\n      \"relid\": 8\r\n    },\r\n    {\r\n      \"bgcolor\": \"#e2e2e2\",\r\n      \"relid\": 10\r\n    }\r\n  ],\r\n  \"bgColor\": \"#f9cdad\",\r\n  \"cont\": [\r\n    {\r\n      \"type\": \"carousel\",\r\n      \"cont\": \"\",\r\n      \"align\": \"middle\",\r\n      \"row\": 0,\r\n      \"col\": 1,\r\n      \"colspan\": 8,\r\n      \"offsetx\": 0,\r\n      \"offsety\": 0,\r\n      \"spaceabove\": 0,\r\n      \"spacebelow\": 0,\r\n      \"yvel\": 1,\r\n      \"push\": 1,\r\n      \"relid\": 6,\r\n      \"carousel_options\": {\r\n        \"random\": true,\r\n        \"autoplay\": true,\r\n        \"showMultipleSlides\": false,\r\n        \"freeScroll\": false,\r\n        \"size\": \"aspectRatioOfFirstElement\",\r\n        \"slidesWidth\": \"null\",\r\n        \"transition\": \"fading\",\r\n        \"loop\": \"1\",\r\n        \"spaceBetween\": 0,\r\n        \"disableClick\": true,\r\n        \"fillSlides\": true,\r\n        \"captionsUnderSlides\": false\r\n      },\r\n      \"carousel\": [\r\n        {\r\n          \"cont\": \"<h1 class=\\\"_HomeHead\\\">When the world ended in New York City, it was dead silent over the Atlantic.<\/h1><div class=\\\"home-divide\\\">\u00a0<\/div><h2 class=\\\"_HomeSub\\\"><a style=\\\"border-bottom-width: 0;\\\" rel=\\\"noopener\\\" href=\\\"https:\/\/www.faz.net\/-gun-8l7e2\\\" target=\\\"_blank\\\"><span style=\\\"color: #ffffff;\\\">A side story of 9\/11 for<\/span><br \/><span style=\\\"color: #ffffff;\\\">Frankfurter Allgemeine Zeitung<\/span><\/a><\/h2>\",\r\n          \"type\": \"text\"\r\n        },\r\n        {\r\n          \"cont\": \"<h1 class=\\\"_HomeHead\\\">\u00bbThere is actually nothing here. Nothing moves. Nothing changes. Everything is sterile and empty. But it is beautiful.\u00ab<\/h1><div class=\\\"home-divide\\\">\u00a0<\/div><h2 class=\\\"_HomeSub\\\"><a style=\\\"border-bottom-width: 0;\\\" rel=\\\"noopener\\\" href=\\\"http:\/\/x.floriansiebeck.com\/en\/texte\/oda-jaune\/\\\" target=\\\"_blank\\\"><span style=\\\"color: #ffffff;\\\">Interview with artist Oda Jaune for<\/span><br \/><span style=\\\"color: #ffffff;\\\">Achtung Mode<\/span><\/a><\/h2>\",\r\n          \"type\": \"text\"\r\n        },\r\n        {\r\n          \"cont\": \"<h1 class=\\\"_HomeHead\\\">Bj\u00f6rk Ei\u00f0sd\u00f3ttir was baffled when the priest showed up at her door and told her he had thought of a better name for her daughter.<\/h1><div class=\\\"home-divide\\\">\u00a0<\/div><h2 class=\\\"_HomeSub\\\"><a style=\\\"border-bottom-width: 0;\\\" rel=\\\"noopener\\\" href=\\\"https:\/\/www.stern.de\/gesellschaft\/das-islaendische--menschennamenkomitee---ihre-namen-sind-gesetz-9383528.html\\\" target=\\\"_blank\\\"><span style=\\\"color: #ffffff;\\\">A story about names in Iceland for<\/span><br \/><span style=\\\"color: #ffffff;\\\">German magazine Nido<\/span><\/a><\/h2>\",\r\n          \"type\": \"text\"\r\n        },\r\n        {\r\n          \"cont\": \"<h1 class=\\\"_HomeHead\\\">Of course, not everything works as a Kitkat variety. Blackcurrant, for example\u2014too acidic. Or watermelon: \u00bbUnpalatable,\u00ab Takagi says. \u00bbTastes like potato.\u00ab<\/h1><div class=\\\"home-divide\\\">\u00a0<\/div><h2 class=\\\"_HomeSub\\\"><a style=\\\"border-bottom-width: 0;\\\" rel=\\\"noopener\\\" href=\\\"https:\/\/www.faz.net\/aktuell\/stil\/essen-trinken\/have-a-break-have-a-kit-kat-je-wahnsinniger-desto-besser-14913069.html\\\" target=\\\"_blank\\\"><span style=\\\"color: #ffffff;\\\">A story about Japan\u2019s Kitkat craze for<\/span><br \/><span style=\\\"color: #ffffff;\\\">Frankfurter Allgemeine Sonntagszeitung<\/span><\/a><\/h2>\",\r\n          \"type\": \"text\"\r\n        },\r\n        {\r\n          \"cont\": \"<h1 class=\\\"_HomeHead\\\">Pierre Paulin had the grilles painted fuchsia to give them a pinkish reflection. This way, he accommodated Mrs. Pompidou, whose only requirement was \u00bbthat we look good at the dinner table.\u00ab<\/h1><div class=\\\"home-divide\\\">\u00a0<\/div><h2 class=\\\"_HomeSub\\\"><a style=\\\"border-bottom-width: 0;\\\" rel=\\\"noopener\\\" href=\\\"https:\/\/www.derstandard.de\/story\/2000119861872\/pierre-paulin-der-vater-der-form\\\" target=\\\"_blank\\\"><span style=\\\"color: #ffffff;\\\">A story about Pierre Paulin for Austria\u2019s<\/span><br \/><span style=\\\"color: #ffffff;\\\">Der Standard<\/span><\/a><\/h2>\",\r\n          \"type\": \"text\"\r\n        },\r\n        {\r\n          \"cont\": \"<h1 class=\\\"_HomeHead\\\">It sounds absurd, but the principle was: The more polluted the air, the tastier the rhubarb.<\/h1><div class=\\\"home-divide\\\">\u00a0<\/div><h2 class=\\\"_HomeSub\\\"><a style=\\\"border-bottom-width: 0;\\\" rel=\\\"noopener\\\" href=\\\"http:\/\/x.floriansiebeck.com\/texte\/yorkshire-forced-rhubarb\/\\\" target=\\\"_blank\\\"><span style=\\\"color: #ffffff;\\\">A story about Yorkshire\u2019s rhubarb for<\/span><br \/><span style=\\\"color: #ffffff;\\\">Frankfurter Allgemeine Quarterly<\/span><\/a><\/h2>\",\r\n          \"type\": \"text\"\r\n        },\r\n        {\r\n          \"cont\": \"<h1 class=\\\"_HomeHead\\\">\u00bbThe last time I spoke German was six years ago. I don\u2019t recall if anyone understood me, though. We were all pretty drunk.\u00ab<\/h1><div class=\\\"home-divide\\\">\u00a0<\/div><h2 class=\\\"_HomeSub\\\"><a style=\\\"border-bottom-width: 0;\\\" rel=\\\"noopener\\\" href=\\\"https:\/\/www.faz.net\/-gun-84qs1\\\" target=\\\"_blank\\\"><span style=\\\"color: #ffffff;\\\">Interview with Carey Mulligan for<\/span><br \/><span style=\\\"color: #ffffff;\\\">Frankfurter Allgemeine Sonntagszeitung<\/span><\/a><\/h2>\",\r\n          \"type\": \"text\"\r\n        },\r\n        {\r\n          \"cont\": \"<h1 class=\\\"_HomeHead\\\">\u00bbI wouldn\u2019t consider this pornography. It\u2019s more like a personal video blog, in which I take off my clothes and masturbate.\u00ab<\/h1><div class=\\\"home-divide\\\">\u00a0<\/div><h2 class=\\\"_HomeSub\\\"><a style=\\\"border-bottom-width: 0;\\\" rel=\\\"noopener\\\" href=\\\"https:\/\/www.faz.net\/aktuell\/feuilleton\/debatten\/nacktheit-im-internet-ihre-koerper-sind-ihr-kapital-17428470.html\\\" target=\\\"_blank\\\"><span style=\\\"color: #ffffff;\\\">A story about OnlyFans creators for<\/span><br \/><span style=\\\"color: #ffffff;\\\">Frankfurter Allgemeine Quarterly<\/span><\/a><\/h2>\",\r\n          \"type\": \"text\"\r\n        },\r\n        {\r\n          \"cont\": \"<h1 class=\\\"_HomeHead\\\">No design piece embodies a cultivated Austrian appearance as much as Thonet\u2019s classic Viennese coffeehouse chair. But there\u2019s a catch to this Austrian success story\u2014the chair\u2019s inventor is actually German.<\/h1><div class=\\\"home-divide\\\">\u00a0<\/div><h2 class=\\\"_HomeSub\\\"><span style=\\\"color: #ffffff;\\\">A story about Thonet for<\/span><br \/><span style=\\\"color: #ffffff;\\\">Monocle<\/span><\/h2>\",\r\n          \"type\": \"text\"\r\n        }\r\n      ],\r\n      \"frameOverflow\": \"\",\r\n      \"dosync\": false\r\n    },\r\n    {\r\n      \"type\": \"text\",\r\n      \"cont\": \"<h1 class=\\\"_HomeHead\\\">I\u2019m Florian Siebeck, and I write about people, things, and the world we live in.<\/h1><h2 class=\\\"_HomeSub\\\"><span style=\\\"color: #ffffff;\\\"><a style=\\\"color: #ffffff;\\\" href=\\\"https:\/\/floriansiebeck.com\/about\/\\\" data-type=\\\"page\\\" data-id=\\\"2\\\" data-title=\\\"About\\\">More about me\u00a0\u00bb<\/a><\/span><\/h2>\",\r\n      \"align\": \"middle\",\r\n      \"row\": 1,\r\n      \"col\": 1,\r\n      \"colspan\": 8,\r\n      \"offsetx\": 0,\r\n      \"offsety\": 0,\r\n      \"spaceabove\": 0,\r\n      \"spacebelow\": 0,\r\n      \"yvel\": 1,\r\n      \"push\": 1,\r\n      \"relid\": 119\r\n    },\r\n    {\r\n      \"type\": \"text\",\r\n      \"cont\": \"<p><a name=\\\"blurb\\\"><\/a><\/p><p>\u00a0<\/p>\",\r\n      \"align\": \"top\",\r\n      \"row\": 1,\r\n      \"col\": 1,\r\n      \"colspan\": 2,\r\n      \"offsetx\": 0,\r\n      \"offsety\": 0,\r\n      \"spaceabove\": 0,\r\n      \"spacebelow\": 0,\r\n      \"yvel\": 1,\r\n      \"push\": 1,\r\n      \"relid\": 9,\r\n      \"frameOverflow\": \"\"\r\n    },\r\n    {\r\n      \"type\": \"text\",\r\n      \"cont\": \"<h1 class=\\\"_HomeHead\\\">References include<\/h1><h2 class=\\\"_HomeSub\\\">Architectural Digest (Germany, France, Italy, Spain), Cond\u00e9 Nast Traveller, Der Standard, Deutsche Welle TV, Frankfurter Allgemeine Zeitung, GQ, Lufthansa Exclusive, Monocle, NBC News, NZZ Folio, The Weekender, Time Out, and Vogue.<\/h2>\",\r\n      \"align\": \"middle\",\r\n      \"row\": 2,\r\n      \"col\": 1,\r\n      \"colspan\": 8,\r\n      \"offsetx\": 0,\r\n      \"offsety\": 0,\r\n      \"spaceabove\": 0,\r\n      \"spacebelow\": 0,\r\n      \"yvel\": 1,\r\n      \"push\": 1,\r\n      \"relid\": 4,\r\n      \"frameOverflow\": \"\"\r\n    },\r\n    {\r\n      \"type\": \"text\",\r\n      \"cont\": \"<h1 class=\\\"_HomeHead\\\"><span style=\\\"color: #333333;\\\">Get in touch: hello@floriansiebeck.com<\/span><\/h1><h2 class=\\\"_HomeSub\\\"><a href=\\\"https:\/\/floriansiebeck.com\/subscribe\/\\\" data-type=\\\"page\\\" data-id=\\\"3\\\" data-title=\\\"Impressum\\\"><span style=\\\"color: #333333;\\\">Stay up to date with my newsletter \u00bb<\/span><\/a><\/h2>\",\r\n      \"align\": \"middle\",\r\n      \"row\": 3,\r\n      \"col\": 1,\r\n      \"colspan\": 8,\r\n      \"offsetx\": 0,\r\n      \"offsety\": 0,\r\n      \"spaceabove\": 0,\r\n      \"spacebelow\": 0,\r\n      \"yvel\": 1,\r\n      \"push\": 1,\r\n      \"relid\": 5,\r\n      \"frameOverflow\": \"\"\r\n    },\r\n    {\r\n      \"type\": \"text\",\r\n      \"cont\": \"<h2 class=\\\"_HomeSub\\\" style=\\\"text-align: center;\\\"><span style=\\\"color: #808080;\\\">\u00a9 2006-2022<\/span><br \/><a href=\\\"https:\/\/floriansiebeck.com\/legal\/\\\" data-type=\\\"page\\\" data-id=\\\"3\\\" data-title=\\\"Impressum\\\"><span style=\\\"color: #808080;\\\">LEGAL<\/span><\/a><\/h2>\",\r\n      \"align\": \"middle\",\r\n      \"row\": 4,\r\n      \"col\": 1,\r\n      \"colspan\": 10,\r\n      \"offsetx\": 0,\r\n      \"offsety\": 0,\r\n      \"spaceabove\": 0,\r\n      \"spacebelow\": 0,\r\n      \"yvel\": 1,\r\n      \"push\": 1,\r\n      \"relid\": 7,\r\n      \"frameOverflow\": \"\"\r\n    }\r\n  ]\r\n}","phonegrid":"{\r\n  \"colCount\": 12,\r\n  \"colGutter\": 1,\r\n  \"rowGutters\": [\r\n    0,\r\n    0,\r\n    5,\r\n    5\r\n  ],\r\n  \"frameMargin\": 5,\r\n  \"topFrameMargin\": 5,\r\n  \"bottomFrameMargin\": 5,\r\n  \"rowAttrs\": [\r\n    {\r\n      \"row100vh\": true,\r\n      \"relid\": 11\r\n    },\r\n    {\r\n      \"bgcolor\": \"#2a363b\",\r\n      \"relid\": 12\r\n    },\r\n    {\r\n      \"bgcolor\": \"#99b898\",\r\n      \"relid\": 13\r\n    },\r\n    {\r\n      \"bgcolor\": \"#f9cdad\",\r\n      \"relid\": 14\r\n    },\r\n    {\r\n      \"bgcolor\": \"#e2e2e2\",\r\n      \"relid\": 15\r\n    }\r\n  ],\r\n  \"bgColor\": \"#e84a5f\",\r\n  \"cont\": [\r\n    {\r\n      \"type\": \"carousel\",\r\n      \"cont\": \"\",\r\n      \"align\": \"middle\",\r\n      \"row\": 0,\r\n      \"col\": 0,\r\n      \"colspan\": 12,\r\n      \"offsetx\": 0,\r\n      \"offsety\": 0,\r\n      \"spaceabove\": 0,\r\n      \"spacebelow\": 0,\r\n      \"yvel\": 1,\r\n      \"push\": 0,\r\n      \"relid\": 6,\r\n      \"carousel_options\": {\r\n        \"random\": true,\r\n        \"autoplay\": true,\r\n        \"showMultipleSlides\": false,\r\n        \"freeScroll\": false,\r\n        \"size\": \"fixedHeight\",\r\n        \"slidesWidth\": \"null\",\r\n        \"transition\": \"fading\",\r\n        \"loop\": \"1\",\r\n        \"spaceBetween\": 0,\r\n        \"disableClick\": true,\r\n        \"fillSlides\": true,\r\n        \"captionsUnderSlides\": false,\r\n        \"fixedHeight\": \"600px\"\r\n      },\r\n      \"carousel\": [\r\n        {\r\n          \"cont\": \"<h1 class=\\\"_HomeHead\\\">When the world ended in New York City, it was dead silent over the Atlantic.<\/h1><div class=\\\"home-divide\\\">\u00a0<\/div><h2 class=\\\"_HomeSub\\\"><a style=\\\"border-bottom-width: 0;\\\" rel=\\\"noopener\\\" href=\\\"https:\/\/www.faz.net\/-gun-8l7e2\\\" target=\\\"_blank\\\"><span style=\\\"color: #ffffff;\\\">A side story of 9\/11 for<\/span><br \/><span style=\\\"color: #ffffff;\\\">Frankfurter Allgemeine Zeitung<\/span><\/a><\/h2>\",\r\n          \"type\": \"text\"\r\n        },\r\n        {\r\n          \"cont\": \"<h1 class=\\\"_HomeHead\\\">\u00bbThere is actually nothing here. Nothing moves. Nothing changes. Everything is sterile and empty. But it is beautiful.\u00ab<\/h1><div class=\\\"home-divide\\\">\u00a0<\/div><h2 class=\\\"_HomeSub\\\"><a style=\\\"border-bottom-width: 0;\\\" rel=\\\"noopener\\\" href=\\\"http:\/\/x.floriansiebeck.com\/en\/texte\/oda-jaune\/\\\" target=\\\"_blank\\\"><span style=\\\"color: #ffffff;\\\">Interview with artist Oda Jaune for<\/span><br \/><span style=\\\"color: #ffffff;\\\">Achtung Mode<\/span><\/a><\/h2>\",\r\n          \"type\": \"text\"\r\n        },\r\n        {\r\n          \"cont\": \"<h1 class=\\\"_HomeHead\\\">Bj\u00f6rk Ei\u00f0sd\u00f3ttir was baffled when the priest showed up at her door and told her he had thought of a better name for her daughter.<\/h1><div class=\\\"home-divide\\\">\u00a0<\/div><h2 class=\\\"_HomeSub\\\"><a style=\\\"border-bottom-width: 0;\\\" rel=\\\"noopener\\\" href=\\\"https:\/\/www.stern.de\/gesellschaft\/das-islaendische--menschennamenkomitee---ihre-namen-sind-gesetz-9383528.html\\\" target=\\\"_blank\\\"><span style=\\\"color: #ffffff;\\\">A story about names in Iceland for<\/span><br \/><span style=\\\"color: #ffffff;\\\">German magazine Nido<\/span><\/a><\/h2>\",\r\n          \"type\": \"text\"\r\n        },\r\n        {\r\n          \"cont\": \"<h1 class=\\\"_HomeHead\\\">Of course, not everything works as a Kitkat variety. Blackcurrant, for example\u2014too acidic. Or watermelon: \u00bbUnpalatable,\u00ab Takagi says. \u00bbTastes like potato.\u00ab<\/h1><div class=\\\"home-divide\\\">\u00a0<\/div><h2 class=\\\"_HomeSub\\\"><a style=\\\"border-bottom-width: 0;\\\" rel=\\\"noopener\\\" href=\\\"https:\/\/www.faz.net\/aktuell\/stil\/essen-trinken\/have-a-break-have-a-kit-kat-je-wahnsinniger-desto-besser-14913069.html\\\" target=\\\"_blank\\\"><span style=\\\"color: #ffffff;\\\">A story about Japan\u2019s Kitkat craze for<\/span><br \/><span style=\\\"color: #ffffff;\\\">Frankfurter Allgemeine Sonntagszeitung<\/span><\/a><\/h2>\",\r\n          \"type\": \"text\"\r\n        },\r\n        {\r\n          \"cont\": \"<h1 class=\\\"_HomeHead\\\">Pierre Paulin had the grilles painted fuchsia to give them a pinkish reflection. This way, he accommodated Mrs. Pompidou, whose only requirement was \u00bbthat we look good at the dinner table.\u00ab<\/h1><div class=\\\"home-divide\\\">\u00a0<\/div><h2 class=\\\"_HomeSub\\\"><a style=\\\"border-bottom-width: 0;\\\" rel=\\\"noopener\\\" href=\\\"https:\/\/www.derstandard.de\/story\/2000119861872\/pierre-paulin-der-vater-der-form\\\" target=\\\"_blank\\\"><span style=\\\"color: #ffffff;\\\">A story about Pierre Paulin for Austria\u2019s<\/span><br \/><span style=\\\"color: #ffffff;\\\">Der Standard<\/span><\/a><\/h2>\",\r\n          \"type\": \"text\"\r\n        },\r\n        {\r\n          \"cont\": \"<h1 class=\\\"_HomeHead\\\">It sounds absurd, but the principle was: The more polluted the air, the tastier the rhubarb.<\/h1><div class=\\\"home-divide\\\">\u00a0<\/div><h2 class=\\\"_HomeSub\\\"><a style=\\\"border-bottom-width: 0;\\\" rel=\\\"noopener\\\" href=\\\"http:\/\/x.floriansiebeck.com\/texte\/yorkshire-forced-rhubarb\/\\\" target=\\\"_blank\\\"><span style=\\\"color: #ffffff;\\\">A story about Yorkshire\u2019s rhubarb for<\/span><br \/><span style=\\\"color: #ffffff;\\\">Frankfurter Allgemeine Quarterly<\/span><\/a><\/h2>\",\r\n          \"type\": \"text\"\r\n        },\r\n        {\r\n          \"cont\": \"<h1 class=\\\"_HomeHead\\\">\u00bbThe last time I spoke German was six years ago. I don\u2019t recall if anyone understood me, though. We were all pretty drunk.\u00ab<\/h1><div class=\\\"home-divide\\\">\u00a0<\/div><h2 class=\\\"_HomeSub\\\"><a style=\\\"border-bottom-width: 0;\\\" rel=\\\"noopener\\\" href=\\\"https:\/\/www.faz.net\/-gun-84qs1\\\" target=\\\"_blank\\\"><span style=\\\"color: #ffffff;\\\">Interview with Carey Mulligan for<\/span><br \/><span style=\\\"color: #ffffff;\\\">Frankfurter Allgemeine Sonntagszeitung<\/span><\/a><\/h2>\",\r\n          \"type\": \"text\"\r\n        },\r\n        {\r\n          \"cont\": \"<h1 class=\\\"_HomeHead\\\">\u00bbI wouldn\u2019t consider this pornography. It\u2019s more like a personal video blog, in which I take off my clothes and masturbate.\u00ab<\/h1><div class=\\\"home-divide\\\">\u00a0<\/div><h2 class=\\\"_HomeSub\\\"><a style=\\\"border-bottom-width: 0;\\\" rel=\\\"noopener\\\" href=\\\"https:\/\/www.faz.net\/aktuell\/feuilleton\/debatten\/nacktheit-im-internet-ihre-koerper-sind-ihr-kapital-17428470.html\\\" target=\\\"_blank\\\"><span style=\\\"color: #ffffff;\\\">A story about OnlyFans creators for<\/span><br \/><span style=\\\"color: #ffffff;\\\">Frankfurter Allgemeine Quarterly<\/span><\/a><\/h2>\",\r\n          \"type\": \"text\"\r\n        },\r\n        {\r\n          \"cont\": \"<h1 class=\\\"_HomeHead\\\">No design piece embodies a cultivated Austrian appearance as much as Thonet\u2019s classic Viennese coffeehouse chair. But there\u2019s a catch to this Austrian success story\u2014the chair\u2019s inventor is actually German.<\/h1><div class=\\\"home-divide\\\">\u00a0<\/div><h2 class=\\\"_HomeSub\\\"><span style=\\\"color: #ffffff;\\\">A story about Thonet for<\/span><br \/><span style=\\\"color: #ffffff;\\\">Monocle<\/span><\/h2>\",\r\n          \"type\": \"text\"\r\n        }\r\n      ],\r\n      \"frameOverflow\": \"\",\r\n      \"dosync\": false\r\n    },\r\n    {\r\n      \"type\": \"text\",\r\n      \"cont\": \"<h1 class=\\\"_HomeHead\\\">I\u2019m Florian Siebeck, and I write about people, things, and the world we live in.<\/h1><h2 class=\\\"_HomeSub\\\"><span style=\\\"color: #ffffff;\\\"><a style=\\\"color: #ffffff;\\\" href=\\\"https:\/\/floriansiebeck.com\/about\/\\\" data-type=\\\"page\\\" data-id=\\\"2\\\" data-title=\\\"About\\\">More about me\u00a0\u00bb<\/a><\/span><\/h2>\",\r\n      \"align\": \"top\",\r\n      \"row\": 1,\r\n      \"col\": 0,\r\n      \"colspan\": 12,\r\n      \"offsetx\": 0,\r\n      \"offsety\": 0,\r\n      \"spaceabove\": 50,\r\n      \"spacebelow\": 50,\r\n      \"yvel\": 1,\r\n      \"push\": 0,\r\n      \"relid\": 119,\r\n      \"frameOverflow\": \"\"\r\n    },\r\n    {\r\n      \"type\": \"text\",\r\n      \"cont\": \"<h1 class=\\\"_HomeHead\\\">References include<\/h1><h2 class=\\\"_HomeSub\\\">Architectural Digest (Germany, France, Italy, Spain), Cond\u00e9 Nast Traveller, Der Standard, Deutsche Welle TV, Frankfurter Allgemeine Zeitung, GQ, Lufthansa Exclusive, Monocle, NBC News, NZZ Folio, The Weekender, Time Out, and Vogue.<\/h2>\",\r\n      \"align\": \"top\",\r\n      \"row\": 2,\r\n      \"col\": 0,\r\n      \"colspan\": 12,\r\n      \"offsetx\": 0,\r\n      \"offsety\": 0,\r\n      \"spaceabove\": 50,\r\n      \"spacebelow\": 50,\r\n      \"yvel\": 1,\r\n      \"push\": 0,\r\n      \"relid\": 4,\r\n      \"frameOverflow\": \"\"\r\n    },\r\n    {\r\n      \"type\": \"text\",\r\n      \"cont\": \"<h1 class=\\\"_HomeHead\\\"><span style=\\\"color: #333333;\\\">Get in touch: hello@floriansiebeck.com<\/span><\/h1><h2 class=\\\"_HomeSub\\\"><a href=\\\"https:\/\/floriansiebeck.com\/subscribe\/\\\" data-type=\\\"page\\\" data-id=\\\"3\\\" data-title=\\\"Impressum\\\"><span style=\\\"color: #333333;\\\">Stay up to date with my newsletter \u00bb<\/span><\/a><\/h2>\",\r\n      \"align\": \"top\",\r\n      \"row\": 3,\r\n      \"col\": 0,\r\n      \"colspan\": 12,\r\n      \"offsetx\": 0,\r\n      \"offsety\": 0,\r\n      \"spaceabove\": 0,\r\n      \"spacebelow\": 0,\r\n      \"yvel\": 1,\r\n      \"push\": 0,\r\n      \"relid\": 5,\r\n      \"frameOverflow\": \"\"\r\n    },\r\n    {\r\n      \"type\": \"text\",\r\n      \"cont\": \"<h2 class=\\\"_HomeSub\\\" style=\\\"text-align: center;\\\"><span style=\\\"color: #808080;\\\">\u00a9 2006-2022<\/span><br \/><a href=\\\"https:\/\/floriansiebeck.com\/legal\/\\\" data-type=\\\"page\\\" data-id=\\\"3\\\" data-title=\\\"Impressum\\\"><span style=\\\"color: #808080;\\\">LEGAL<\/span><\/a><\/h2>\",\r\n      \"align\": \"top\",\r\n      \"row\": 4,\r\n      \"col\": 0,\r\n      \"colspan\": 12,\r\n      \"offsetx\": 0,\r\n      \"offsety\": 0,\r\n      \"spaceabove\": 0,\r\n      \"spacebelow\": 0,\r\n      \"yvel\": 1,\r\n      \"push\": 0,\r\n      \"relid\": 7,\r\n      \"frameOverflow\": \"\"\r\n    }\r\n  ]\r\n}","_links":{"self":[{"href":"https:\/\/floriansiebeck.com\/en\/wp-json\/wp\/v2\/pages\/64","targetHints":{"allow":["GET"]}}],"collection":[{"href":"https:\/\/floriansiebeck.com\/en\/wp-json\/wp\/v2\/pages"}],"about":[{"href":"https:\/\/floriansiebeck.com\/en\/wp-json\/wp\/v2\/types\/page"}],"author":[{"embeddable":true,"href":"https:\/\/floriansiebeck.com\/en\/wp-json\/wp\/v2\/users\/1"}],"replies":[{"embeddable":true,"href":"https:\/\/floriansiebeck.com\/en\/wp-json\/wp\/v2\/comments?post=64"}],"version-history":[{"count":0,"href":"https:\/\/floriansiebeck.com\/en\/wp-json\/wp\/v2\/pages\/64\/revisions"}],"wp:attachment":[{"href":"https:\/\/floriansiebeck.com\/en\/wp-json\/wp\/v2\/media?parent=64"}],"curies":[{"name":"wp","href":"https:\/\/api.w.org\/{rel}","templated":true}]}}